{"id":614,"date":"2024-01-12T10:11:49","date_gmt":"2024-01-12T09:11:49","guid":{"rendered":"https:\/\/gyujtemeny.ludovika.hu\/impressum\/"},"modified":"2024-01-16T18:01:48","modified_gmt":"2024-01-16T17:01:48","slug":"impressum","status":"publish","type":"page","link":"https:\/\/gyujtemeny.ludovika.hu\/en\/impressum\/","title":{"rendered":"Impressum"},"content":{"rendered":"<div class=\"gb-container gb-container-ec11aa79\">\n<div class=\"gb-container gb-container-3168e069\">\n<div class=\"gb-grid-wrapper gb-grid-wrapper-24d0c2eb\">\n<div class=\"gb-grid-column gb-grid-column-a051274b\"><div class=\"gb-container gb-container-a051274b\">\n\n<h2 class=\"gb-headline gb-headline-baf2e67d gb-headline-text\"><strong>IMPRESSUM<\/strong><\/h2>\n\n<\/div><\/div>\n<\/div>\n<\/div>\n\n<div class=\"gb-container gb-container-296770d3\">\n<div class=\"gb-grid-wrapper gb-grid-wrapper-5fd2f28f\">\n<div class=\"gb-grid-column gb-grid-column-c4c2896a\"><div class=\"gb-container gb-container-c4c2896a\">\n\n<p style=\"font-size:20px\">The script was written and the museum content was directed by Prof. Dr. Tam\u00e1s Csik\u00e1ny, dr. Gyula Kedves and dr. Bal\u00e1zs N\u00e9meth<\/p>\n\n\n\n<p style=\"font-size:20px\">Consultants: Dr. ferenc Szak\u00e1ly, dr. Gergely Pr\u0151hle, dr. L\u00e1szl\u00f3 Csorba, dr. Vilmos Kov\u00e1cs<\/p>\n\n\n\n<p style=\"font-size:20px\">Visual plans: Ferenc Moln\u00e1r<\/p>\n\n\n\n<p style=\"font-size:20px\">Design: Ki\u00e1ll Kft.<\/p>\n\n\n\n<p style=\"font-size:20px\">Digital content: Gergely Kov\u00e1cs, J\u00e1nos Uram<\/p>\n\n\n\n<p style=\"font-size:20px\">Contractor: Expounit Kft.<\/p>\n\n\n\n<p style=\"font-size:20px\">Our exhibition is based on the artifacts lent by the National University of Public Service, Military History Institute and Museum and Hungarian National Museum<\/p>\n\n\n\n<p style=\"font-size:20px\">We would like to express our gratitude to dr. Andr\u00e1s Koltay and dr. Gergely Deli for their support in creating the museum.<\/p>\n\n<\/div><\/div>\n\n<div class=\"gb-grid-column gb-grid-column-24871444\"><div class=\"gb-container gb-container-24871444\">\n<div class=\"gb-container gb-container-6fa7a9a6\">\n\n<figure class=\"wp-block-image size-large\"><img loading=\"lazy\" decoding=\"async\" width=\"1008\" height=\"1024\" src=\"https:\/\/gyujtemeny.ludovika.hu\/wp-content\/uploads\/2024\/01\/Ludovika_kiallitas_logo_feher-1008x1024.png\" alt=\"\" class=\"wp-image-517\" srcset=\"https:\/\/gyujtemeny.ludovika.hu\/wp-content\/uploads\/2024\/01\/Ludovika_kiallitas_logo_feher-1008x1024.png 1008w, https:\/\/gyujtemeny.ludovika.hu\/wp-content\/uploads\/2024\/01\/Ludovika_kiallitas_logo_feher-295x300.png 295w, https:\/\/gyujtemeny.ludovika.hu\/wp-content\/uploads\/2024\/01\/Ludovika_kiallitas_logo_feher-768x780.png 768w, https:\/\/gyujtemeny.ludovika.hu\/wp-content\/uploads\/2024\/01\/Ludovika_kiallitas_logo_feher-1513x1536.png 1513w, https:\/\/gyujtemeny.ludovika.hu\/wp-content\/uploads\/2024\/01\/Ludovika_kiallitas_logo_feher.png 1931w\" sizes=\"auto, (max-width: 1008px) 100vw, 1008px\" \/><\/figure>\n\n<\/div>\n<\/div><\/div>\n<\/div>\n<\/div>\n<\/div>","protected":false},"excerpt":{"rendered":"","protected":false},"author":1,"featured_media":0,"parent":0,"menu_order":0,"comment_status":"closed","ping_status":"closed","template":"","meta":{"_acf_changed":false,"footnotes":""},"class_list":{"0":"post-614","1":"page","2":"type-page","3":"status-publish","5":"infinite-scroll-item"},"acf":[],"_links":{"self":[{"href":"https:\/\/gyujtemeny.ludovika.hu\/en\/wp-json\/wp\/v2\/pages\/614","targetHints":{"allow":["GET"]}}],"collection":[{"href":"https:\/\/gyujtemeny.ludovika.hu\/en\/wp-json\/wp\/v2\/pages"}],"about":[{"href":"https:\/\/gyujtemeny.ludovika.hu\/en\/wp-json\/wp\/v2\/types\/page"}],"author":[{"embeddable":true,"href":"https:\/\/gyujtemeny.ludovika.hu\/en\/wp-json\/wp\/v2\/users\/1"}],"replies":[{"embeddable":true,"href":"https:\/\/gyujtemeny.ludovika.hu\/en\/wp-json\/wp\/v2\/comments?post=614"}],"version-history":[{"count":0,"href":"https:\/\/gyujtemeny.ludovika.hu\/en\/wp-json\/wp\/v2\/pages\/614\/revisions"}],"wp:attachment":[{"href":"https:\/\/gyujtemeny.ludovika.hu\/en\/wp-json\/wp\/v2\/media?parent=614"}],"curies":[{"name":"wp","href":"https:\/\/api.w.org\/{rel}","templated":true}]}}